{"id":54,"date":"2019-05-04T03:32:31","date_gmt":"2019-05-04T03:32:31","guid":{"rendered":"http:\/\/sacauditores.cl\/?page_id=54"},"modified":"2019-05-16T02:55:27","modified_gmt":"2019-05-16T02:55:27","slug":"auditoria-a-los-gastos-comunes","status":"publish","type":"page","link":"http:\/\/www.sacauditores.cl\/","title":{"rendered":"Auditoria a Condominios"},"content":{"rendered":"\n<p class=\"has-text-color has-large-font-size has-very-dark-gray-color\">Nuestro Trabajo<\/p>\n\n\n\n<p style=\"font-size:17px\" class=\"has-text-color has-very-dark-gray-color\">Auditoria a los gastos comunes de su comunidad.<\/p>\n\n\n\n<p><\/p>\n\n\n\n<p class=\"has-text-color has-large-font-size has-very-dark-gray-color\">Nuestra Misi\u00f3n<\/p>\n\n\n\n<p style=\"font-size:17px\" class=\"has-text-color has-very-dark-gray-color\">Por encima de todo, darle tranquilidad y respuesta a la exactitud, integridad y autenticidad de los Gastos Comunes de su Comunidad.                                                                                                                  <\/p>\n\n\n\n<p> <\/p>\n\n\n\n<p style=\"font-size:30px\" class=\"has-text-color has-very-dark-gray-color\">Auditor\u00eda de Alta Calidad<\/p>\n\n\n\n<p style=\"font-size:17px\" class=\"has-text-color has-very-dark-gray-color\">Cabe destacar, que somos prolijos en nuestro trabajo porque conocemos las complejidades de los condominios y sin duda nos orientamos a cumplir cabalmente con nuestra labor.  <\/p>\n\n\n\n<p style=\"font-size:17px\">Del mismo modo, abordaremos diferentes \u00e1reas, para, sin duda, brindarles soluciones integrales a los Comit\u00e9s de Administraci\u00f3n.  <\/p>\n\n\n\n<p style=\"font-size:30px\" class=\"has-text-color has-very-dark-gray-color\">Por Qu\u00e9 Debes Elegirnos <\/p>\n\n\n\n<p style=\"font-size:17px\" class=\"has-text-color has-very-dark-gray-color\">Por encima de todo, nuestros a\u00f1os de experiencia en contabilidad y auditoria a los gastos comunes, es nuestra mejor carta de presentaci\u00f3n, adem\u00e1s, nuestros honorarios es sin duda la mejor alternativa.<\/p>\n\n\n\n<p><\/p>\n\n\n\n<p style=\"font-size:30px\" class=\"has-text-color has-very-dark-gray-color\">Equipo de Profesionales<\/p>\n\n\n\n<p style=\"font-size:17px\" class=\"has-text-color has-very-dark-gray-color\">Cabe destacar, que nuestros auditores han participado en diversos compromisos y cuentan con una vasta experiencia para cumplir, en consecuencia, sus requerimientos y necesidades. <\/p>\n\n\n\n<ul class=\"wp-block-gallery columns-3 is-cropped wp-block-gallery-1 is-layout-flex wp-block-gallery-is-layout-flex\"><li class=\"blocks-gallery-item\"><figure><img loading=\"lazy\" decoding=\"async\" width=\"260\" height=\"194\" src=\"http:\/\/sacauditores.cl\/wp-content\/uploads\/2019\/05\/Alta-Calidad.jpg\" alt=\"\" data-id=\"80\" data-link=\"http:\/\/sacauditores.cl\/?attachment_id=80\" class=\"wp-image-80\"\/><\/figure><\/li><li class=\"blocks-gallery-item\"><figure><img loading=\"lazy\" decoding=\"async\" width=\"260\" height=\"194\" src=\"http:\/\/sacauditores.cl\/wp-content\/uploads\/2019\/05\/barco-de-papel.jpg\" alt=\"\" data-id=\"79\" data-link=\"http:\/\/sacauditores.cl\/?attachment_id=79\" class=\"wp-image-79\"\/><\/figure><\/li><li class=\"blocks-gallery-item\"><figure><img loading=\"lazy\" decoding=\"async\" width=\"291\" height=\"194\" src=\"http:\/\/sacauditores.cl\/wp-content\/uploads\/2019\/05\/grupo-1.jpeg\" alt=\"\" data-id=\"78\" data-link=\"http:\/\/sacauditores.cl\/?attachment_id=78\" class=\"wp-image-78\"\/><\/figure><\/li><\/ul>\n","protected":false},"excerpt":{"rendered":"<p>Nuestro Trabajo Auditoria a los gastos comunes de su comunidad. Nuestra Misi\u00f3n Por encima de todo, darle tranquilidad y respuesta a la exactitud, integridad y autenticidad de los Gastos Comunes<a href=\"http:\/\/www.sacauditores.cl\/\" class=\"more-link\">Read More <span class=\"screen-reader-text\">Auditoria a Condominios<\/span><\/a><\/p>\n","protected":false},"author":1,"featured_media":0,"parent":0,"menu_order":0,"comment_status":"closed","ping_status":"closed","template":"","meta":{"footnotes":""},"class_list":["post-54","page","type-page","status-publish","hentry"],"yoast_head":"<!-- This site is optimized with the Yoast SEO plugin v19.13 - https:\/\/yoast.com\/wordpress\/plugins\/seo\/ -->\n<title>Auditoria a Condominios - SAC Auditores<\/title>\n<meta name=\"description\" content=\"Lo m\u00e1s importante de la auditoria a los gastos comunes de su condominio es entregarles seguridad y tranquilidad respecto de la informaci\u00f3n presentada.\" \/>\n<meta name=\"robots\" content=\"index, follow, max-snippet:-1, max-image-preview:large, max-video-preview:-1\" \/>\n<link rel=\"canonical\" href=\"http:\/\/www.sacauditores.cl\/\" \/>\n<meta property=\"og:locale\" content=\"es_ES\" \/>\n<meta property=\"og:type\" content=\"article\" \/>\n<meta property=\"og:title\" content=\"Auditoria a Condominios - SAC Auditores\" \/>\n<meta property=\"og:description\" content=\"Lo m\u00e1s importante de la auditoria a los gastos comunes de su condominio es entregarles seguridad y tranquilidad respecto de la informaci\u00f3n presentada.\" \/>\n<meta property=\"og:url\" content=\"http:\/\/www.sacauditores.cl\/\" \/>\n<meta property=\"og:site_name\" content=\"SAC Auditores\" \/>\n<meta property=\"article:modified_time\" content=\"2019-05-16T02:55:27+00:00\" \/>\n<meta property=\"og:image\" content=\"http:\/\/sacauditores.cl\/wp-content\/uploads\/2019\/05\/Alta-Calidad.jpg\" \/>\n<meta name=\"twitter:card\" content=\"summary_large_image\" \/>\n<meta name=\"twitter:label1\" content=\"Est. reading time\" \/>\n\t<meta name=\"twitter:data1\" content=\"1 minuto\" \/>\n<script type=\"application\/ld+json\" class=\"yoast-schema-graph\">{\"@context\":\"https:\/\/schema.org\",\"@graph\":[{\"@type\":\"WebPage\",\"@id\":\"http:\/\/www.sacauditores.cl\/\",\"url\":\"http:\/\/www.sacauditores.cl\/\",\"name\":\"Auditoria a Condominios - SAC Auditores\",\"isPartOf\":{\"@id\":\"http:\/\/www.sacauditores.cl\/#website\"},\"datePublished\":\"2019-05-04T03:32:31+00:00\",\"dateModified\":\"2019-05-16T02:55:27+00:00\",\"description\":\"Lo m\u00e1s importante de la auditoria a los gastos comunes de su condominio es entregarles seguridad y tranquilidad respecto de la informaci\u00f3n presentada.\",\"breadcrumb\":{\"@id\":\"http:\/\/www.sacauditores.cl\/#breadcrumb\"},\"inLanguage\":\"es-CL\",\"potentialAction\":[{\"@type\":\"ReadAction\",\"target\":[\"http:\/\/www.sacauditores.cl\/\"]}]},{\"@type\":\"BreadcrumbList\",\"@id\":\"http:\/\/www.sacauditores.cl\/#breadcrumb\",\"itemListElement\":[{\"@type\":\"ListItem\",\"position\":1,\"name\":\"Portada\",\"item\":\"http:\/\/www.sacauditores.cl\/\"},{\"@type\":\"ListItem\",\"position\":2,\"name\":\"Auditoria a Condominios\"}]},{\"@type\":\"WebSite\",\"@id\":\"http:\/\/www.sacauditores.cl\/#website\",\"url\":\"http:\/\/www.sacauditores.cl\/\",\"name\":\"SAC Auditores\",\"description\":\"Auditor\u00eda a Condominios\",\"potentialAction\":[{\"@type\":\"SearchAction\",\"target\":{\"@type\":\"EntryPoint\",\"urlTemplate\":\"http:\/\/www.sacauditores.cl\/?s={search_term_string}\"},\"query-input\":\"required name=search_term_string\"}],\"inLanguage\":\"es-CL\"}]}<\/script>\n<!-- \/ Yoast SEO plugin. -->","yoast_head_json":{"title":"Auditoria a Condominios - SAC Auditores","description":"Lo m\u00e1s importante de la auditoria a los gastos comunes de su condominio es entregarles seguridad y tranquilidad respecto de la informaci\u00f3n presentada.","robots":{"index":"index","follow":"follow","max-snippet":"max-snippet:-1","max-image-preview":"max-image-preview:large","max-video-preview":"max-video-preview:-1"},"canonical":"http:\/\/www.sacauditores.cl\/","og_locale":"es_ES","og_type":"article","og_title":"Auditoria a Condominios - SAC Auditores","og_description":"Lo m\u00e1s importante de la auditoria a los gastos comunes de su condominio es entregarles seguridad y tranquilidad respecto de la informaci\u00f3n presentada.","og_url":"http:\/\/www.sacauditores.cl\/","og_site_name":"SAC Auditores","article_modified_time":"2019-05-16T02:55:27+00:00","og_image":[{"url":"http:\/\/sacauditores.cl\/wp-content\/uploads\/2019\/05\/Alta-Calidad.jpg"}],"twitter_card":"summary_large_image","twitter_misc":{"Est. reading time":"1 minuto"},"schema":{"@context":"https:\/\/schema.org","@graph":[{"@type":"WebPage","@id":"http:\/\/www.sacauditores.cl\/","url":"http:\/\/www.sacauditores.cl\/","name":"Auditoria a Condominios - SAC Auditores","isPartOf":{"@id":"http:\/\/www.sacauditores.cl\/#website"},"datePublished":"2019-05-04T03:32:31+00:00","dateModified":"2019-05-16T02:55:27+00:00","description":"Lo m\u00e1s importante de la auditoria a los gastos comunes de su condominio es entregarles seguridad y tranquilidad respecto de la informaci\u00f3n presentada.","breadcrumb":{"@id":"http:\/\/www.sacauditores.cl\/#breadcrumb"},"inLanguage":"es-CL","potentialAction":[{"@type":"ReadAction","target":["http:\/\/www.sacauditores.cl\/"]}]},{"@type":"BreadcrumbList","@id":"http:\/\/www.sacauditores.cl\/#breadcrumb","itemListElement":[{"@type":"ListItem","position":1,"name":"Portada","item":"http:\/\/www.sacauditores.cl\/"},{"@type":"ListItem","position":2,"name":"Auditoria a Condominios"}]},{"@type":"WebSite","@id":"http:\/\/www.sacauditores.cl\/#website","url":"http:\/\/www.sacauditores.cl\/","name":"SAC Auditores","description":"Auditor\u00eda a Condominios","potentialAction":[{"@type":"SearchAction","target":{"@type":"EntryPoint","urlTemplate":"http:\/\/www.sacauditores.cl\/?s={search_term_string}"},"query-input":"required name=search_term_string"}],"inLanguage":"es-CL"}]}},"_links":{"self":[{"href":"http:\/\/www.sacauditores.cl\/index.php\/wp-json\/wp\/v2\/pages\/54","targetHints":{"allow":["GET"]}}],"collection":[{"href":"http:\/\/www.sacauditores.cl\/index.php\/wp-json\/wp\/v2\/pages"}],"about":[{"href":"http:\/\/www.sacauditores.cl\/index.php\/wp-json\/wp\/v2\/types\/page"}],"author":[{"embeddable":true,"href":"http:\/\/www.sacauditores.cl\/index.php\/wp-json\/wp\/v2\/users\/1"}],"replies":[{"embeddable":true,"href":"http:\/\/www.sacauditores.cl\/index.php\/wp-json\/wp\/v2\/comments?post=54"}],"version-history":[{"count":64,"href":"http:\/\/www.sacauditores.cl\/index.php\/wp-json\/wp\/v2\/pages\/54\/revisions"}],"predecessor-version":[{"id":235,"href":"http:\/\/www.sacauditores.cl\/index.php\/wp-json\/wp\/v2\/pages\/54\/revisions\/235"}],"wp:attachment":[{"href":"http:\/\/www.sacauditores.cl\/index.php\/wp-json\/wp\/v2\/media?parent=54"}],"curies":[{"name":"wp","href":"https:\/\/api.w.org\/{rel}","templated":true}]}}