{"id":218,"date":"2019-06-10T00:06:31","date_gmt":"2019-06-10T00:06:31","guid":{"rendered":"http:\/\/www.sacauditores.cl\/?page_id=218"},"modified":"2019-08-10T02:25:25","modified_gmt":"2019-08-10T02:25:25","slug":"noticias","status":"publish","type":"page","link":"http:\/\/www.sacauditores.cl\/index.php\/noticias\/","title":{"rendered":"Noticias"},"content":{"rendered":"\n<p style=\"font-size:17px\" class=\"has-text-color has-very-dark-gray-color\">Son noticias importantes, porque se refieren al por qu\u00e9 es importante realizar una auditoria a los gastos comunes de su comunidad<\/p>\n\n\n\n<ul class=\"wp-block-list\"><li><a href=\"https:\/\/www.ahoranoticias.cl\/programas\/reportajes\/218377-ahora-reportajes-condominios-en-guerra-por-gastos-comunes.html\">Ahora Reportajes: Condominios en guerra por gastos comunes<\/a><\/li><li> <a href=\"https:\/\/www.publimetro.cl\/cl\/noticias\/2016\/12\/29\/arrendatarios-desconocen-que-los-gastos-comunes-deben-ser-pagados-por-los-duenos.html\">Publimetro: Arrendatarios desconocen que los gastos comunes deben ser pagados por los due\u00f1os<\/a> <\/li><\/ul>\n\n\n\n<h2 class=\"wp-block-heading\">Otras noticias de inter\u00e9s<\/h2>\n\n\n\n<ul class=\"wp-block-list\"><li><a href=\"http:\/\/www.diarioconstitucional.cl\/noticias\/proyectos-de-ley\/2019\/08\/07\/iniciativa-promueve-mayor-transparencia-y-participacion-de-los-copropietarios-en-la-administracion-de-condominios-asi-como-una-mayor-equidad-de-genero-en-la-composicion-de-sus-organos-internos\/\">Iniciativa promueve mayor transparencia y participaci\u00f3n de los copropietarios en la administraci\u00f3n de condominios as\u00ed como una mayor equidad de g\u00e9nero en la composici\u00f3n de sus \u00f3rganos internos.<\/a><\/li><li><a href=\"http:\/\/www.diarioconstitucional.cl\/noticias\/asuntos-de-interes-publico\/2019\/07\/31\/cs-confirma-fallo-que-acogio-demanda-de-cobro-de-gastos-comunes-a-sociedades-de-inversion\/\">CS confirma fallo que acogi\u00f3 demanda de cobro de gastos comunes a sociedades de inversi\u00f3n.<\/a><\/li><li><a rel=\"noreferrer noopener\" href=\"https:\/\/www.google.com\/url?rct=j&amp;sa=t&amp;url=https:\/\/www.24horas.cl\/economia\/los-gastos-comunes-atrasados-podrian-incidir-en-la-plusvalia-de-un-inmueble-3490167&amp;ct=ga&amp;cd=CAEYASoTNjQyNTYxNDU4MDY0MzA0Nzg2MzIbN2EwMzlkNjc3ZTY1ODBmOTplczplczpDTDpS&amp;usg=AFQjCNFTVbWdqO_WHw_LZh3O5Bp8oh0bVw\" target=\"_blank\">\u00bfLos\u00a0<strong>gastos\u00a0comunes<\/strong>\u00a0atrasados podr\u00edan incidir en la plusval\u00eda de un inmueble?<\/a><\/li><li><a href=\"http:\/\/www.lun.com\/Pages\/NewsDetail.aspx?dt=2018-11-03&amp;NewsID=413151&amp;BodyID=0&amp;PaginaId=13\">Diferencias de $200.000 en los gastos comunes en Santiago. El promedio en Vitacura es de $319.386, mientras que en Santiago Centro llega a los $85.000. <\/a><\/li><li><a href=\"http:\/\/www.diarioconstitucional.cl\/noticias\/asuntos-de-interes-publico\/2019\/01\/09\/corte-de-santiago-acoge-proteccion-por-suspension-de-suministro-de-agua-potable\/\">Corte de Santiago acoge protecci\u00f3n por suspensi\u00f3n de suministro de agua potable.<\/a> <\/li><li><a href=\"http:\/\/www.diarioconstitucional.cl\/noticias\/accion-de-proteccion\/2018\/06\/27\/cs-acogio-proteccion-deducida-contra-un-condominio-por-adoptar-medidas-de-hecho-para-conseguir-pago-de-gastos-comunes-adeudados\/\">CS acogi\u00f3 protecci\u00f3n deducida contra un condominio por adoptar medidas de hecho para conseguir pago de gastos comunes adeudados.<\/a><\/li><li><a href=\"http:\/\/www.economiaynegocios.cl\/noticias\/noticias.asp?id=542303\">El Estado no est\u00e1 autorizado a pavimentar una calle privada<\/a><\/li><li><a rel=\"noreferrer noopener\" href=\"https:\/\/www.google.com\/url?rct=j&amp;sa=t&amp;url=http:\/\/www.eleconomistaamerica.cl\/telecomunicacion-tecnologia-cl\/noticias\/9757544\/03\/19\/Chilenos-crean-aplicacion-que-facilita-la-comunicacion-entre-residentes.html&amp;ct=ga&amp;cd=CAEYACoTOTY1MzE5OTQ0MTg5OTc2NTU2NDIbZGMwNzJmNzJiYmZhNDRjYjpjbDplczpDTDpS&amp;usg=AFQjCNHhpKsMY5n_wusU0R15ukWRKr-CXA\" target=\"_blank\">Chilenos crean aplicaci\u00f3n que facilita la comunicaci\u00f3n entre residentes<\/a><\/li><li> <a rel=\"noreferrer noopener\" href=\"https:\/\/www.google.com\/url?rct=j&amp;sa=t&amp;url=https:\/\/www.america-retail.com\/estudios-consumidores\/estudios-en-chile-se-gastan-mas-de-mil-millones-de-dolares-anuales-en-mantenciones-de-edificios\/&amp;ct=ga&amp;cd=CAEYACoUMTI1NjEwODA5MjcyODU3Nzc1NjYyG2RjMDcyZjcyYmJmYTQ0Y2I6Y2w6ZXM6Q0w6Ug&amp;usg=AFQjCNG8y61_-fn-9jgYrXK88lA4960gww\" target=\"_blank\">Estudios: En Chile se gastan m\u00e1s de mil millones de d\u00f3lares anuales en mantenciones de edificios<\/a> <\/li><li><a href=\"http:\/\/www.diarioconstitucional.cl\/noticias\/asuntos-de-interes-publico\/2019\/04\/03\/juzgado-civil-ordena-a-inmobiliaria-indemnizar-a-propietarios-de-departamentos-con-fallas-de-construccion\/\">Juzgado Civil ordena a inmobiliaria indemnizar a propietarios de departamentos con fallas de construcci\u00f3n.<\/a><\/li><li> <a rel=\"noreferrer noopener\" href=\"https:\/\/www.google.com\/url?rct=j&amp;sa=t&amp;url=https:\/\/www.latercera.com\/nacional\/noticia\/minvu-presenta-modificacion-impide-prohibicion-tenencia-mascotas-viviendas\/610319\/&amp;ct=ga&amp;cd=CAEYASoUMTAzMTYwOTMwNTQ3NjYzOTA4ODcyG2RjMDcyZjcyYmJmYTQ0Y2I6Y2w6ZXM6Q0w6Ug&amp;usg=AFQjCNFh2zRelDFuPSnygT8DswkqrEDmSQ\" target=\"_blank\">Minvu presenta modificaci\u00f3n que impide prohibici\u00f3n de tenencia de mascotas en viviendas<\/a> <\/li><li><a href=\"https:\/\/www.chvnoticias.cl\/reportajes\/episodios-violencia-conserjes-trabajo_20190527\/\">\u201cEstamos expuestos a que nos maten\u201d: Los brutales episodios de violencia que viven conserjes al hacer su trabajo<\/a><\/li><li><a href=\"http:\/\/www.diarioconstitucional.cl\/noticias\/actualidad-legislativa\/2018\/04\/30\/proponen-establecer-en-condominios-estacionamientos-de-uso-exclusivo-para-personas-con-discapacidad\/\">Proponen establecer en condominios estacionamientos de uso exclusivo para personas con discapacidad.<\/a><\/li><\/ul>\n\n\n\n<p><\/p>\n\n\n\n<p><\/p>\n","protected":false},"excerpt":{"rendered":"<p>Son noticias importantes, porque se refieren al por qu\u00e9 es importante realizar una auditoria a los gastos comunes de su comunidad Ahora Reportajes: Condominios en guerra por gastos comunes Publimetro:<a href=\"http:\/\/www.sacauditores.cl\/index.php\/noticias\/\" class=\"more-link\">Read More <span class=\"screen-reader-text\">Noticias<\/span><\/a><\/p>\n","protected":false},"author":1,"featured_media":0,"parent":0,"menu_order":0,"comment_status":"closed","ping_status":"closed","template":"","meta":{"footnotes":""},"class_list":["post-218","page","type-page","status-publish","hentry"],"yoast_head":"<!-- This site is optimized with the Yoast SEO plugin v19.13 - https:\/\/yoast.com\/wordpress\/plugins\/seo\/ -->\n<title>Noticias - SAC Auditores<\/title>\n<meta name=\"description\" content=\"Qu\u00e9 deben contemplar los planes de emergencia para condominios\" \/>\n<meta name=\"robots\" content=\"index, follow, max-snippet:-1, max-image-preview:large, max-video-preview:-1\" \/>\n<link rel=\"canonical\" href=\"http:\/\/www.sacauditores.cl\/index.php\/noticias\/\" \/>\n<meta property=\"og:locale\" content=\"es_ES\" \/>\n<meta property=\"og:type\" content=\"article\" \/>\n<meta property=\"og:title\" content=\"Noticias - SAC Auditores\" \/>\n<meta property=\"og:description\" content=\"Qu\u00e9 deben contemplar los planes de emergencia para condominios\" \/>\n<meta property=\"og:url\" content=\"http:\/\/www.sacauditores.cl\/index.php\/noticias\/\" \/>\n<meta property=\"og:site_name\" content=\"SAC Auditores\" \/>\n<meta property=\"article:modified_time\" content=\"2019-08-10T02:25:25+00:00\" \/>\n<meta name=\"twitter:card\" content=\"summary_large_image\" \/>\n<meta name=\"twitter:label1\" content=\"Est. reading time\" \/>\n\t<meta name=\"twitter:data1\" content=\"1 minuto\" \/>\n<script type=\"application\/ld+json\" class=\"yoast-schema-graph\">{\"@context\":\"https:\/\/schema.org\",\"@graph\":[{\"@type\":\"WebPage\",\"@id\":\"http:\/\/www.sacauditores.cl\/index.php\/noticias\/\",\"url\":\"http:\/\/www.sacauditores.cl\/index.php\/noticias\/\",\"name\":\"Noticias - SAC Auditores\",\"isPartOf\":{\"@id\":\"http:\/\/www.sacauditores.cl\/#website\"},\"datePublished\":\"2019-06-10T00:06:31+00:00\",\"dateModified\":\"2019-08-10T02:25:25+00:00\",\"description\":\"Qu\u00e9 deben contemplar los planes de emergencia para condominios\",\"breadcrumb\":{\"@id\":\"http:\/\/www.sacauditores.cl\/index.php\/noticias\/#breadcrumb\"},\"inLanguage\":\"es-CL\",\"potentialAction\":[{\"@type\":\"ReadAction\",\"target\":[\"http:\/\/www.sacauditores.cl\/index.php\/noticias\/\"]}]},{\"@type\":\"BreadcrumbList\",\"@id\":\"http:\/\/www.sacauditores.cl\/index.php\/noticias\/#breadcrumb\",\"itemListElement\":[{\"@type\":\"ListItem\",\"position\":1,\"name\":\"Portada\",\"item\":\"http:\/\/www.sacauditores.cl\/\"},{\"@type\":\"ListItem\",\"position\":2,\"name\":\"Noticias\"}]},{\"@type\":\"WebSite\",\"@id\":\"http:\/\/www.sacauditores.cl\/#website\",\"url\":\"http:\/\/www.sacauditores.cl\/\",\"name\":\"SAC Auditores\",\"description\":\"Auditor\u00eda a Condominios\",\"potentialAction\":[{\"@type\":\"SearchAction\",\"target\":{\"@type\":\"EntryPoint\",\"urlTemplate\":\"http:\/\/www.sacauditores.cl\/?s={search_term_string}\"},\"query-input\":\"required name=search_term_string\"}],\"inLanguage\":\"es-CL\"}]}<\/script>\n<!-- \/ Yoast SEO plugin. -->","yoast_head_json":{"title":"Noticias - SAC Auditores","description":"Qu\u00e9 deben contemplar los planes de emergencia para condominios","robots":{"index":"index","follow":"follow","max-snippet":"max-snippet:-1","max-image-preview":"max-image-preview:large","max-video-preview":"max-video-preview:-1"},"canonical":"http:\/\/www.sacauditores.cl\/index.php\/noticias\/","og_locale":"es_ES","og_type":"article","og_title":"Noticias - SAC Auditores","og_description":"Qu\u00e9 deben contemplar los planes de emergencia para condominios","og_url":"http:\/\/www.sacauditores.cl\/index.php\/noticias\/","og_site_name":"SAC Auditores","article_modified_time":"2019-08-10T02:25:25+00:00","twitter_card":"summary_large_image","twitter_misc":{"Est. reading time":"1 minuto"},"schema":{"@context":"https:\/\/schema.org","@graph":[{"@type":"WebPage","@id":"http:\/\/www.sacauditores.cl\/index.php\/noticias\/","url":"http:\/\/www.sacauditores.cl\/index.php\/noticias\/","name":"Noticias - SAC Auditores","isPartOf":{"@id":"http:\/\/www.sacauditores.cl\/#website"},"datePublished":"2019-06-10T00:06:31+00:00","dateModified":"2019-08-10T02:25:25+00:00","description":"Qu\u00e9 deben contemplar los planes de emergencia para condominios","breadcrumb":{"@id":"http:\/\/www.sacauditores.cl\/index.php\/noticias\/#breadcrumb"},"inLanguage":"es-CL","potentialAction":[{"@type":"ReadAction","target":["http:\/\/www.sacauditores.cl\/index.php\/noticias\/"]}]},{"@type":"BreadcrumbList","@id":"http:\/\/www.sacauditores.cl\/index.php\/noticias\/#breadcrumb","itemListElement":[{"@type":"ListItem","position":1,"name":"Portada","item":"http:\/\/www.sacauditores.cl\/"},{"@type":"ListItem","position":2,"name":"Noticias"}]},{"@type":"WebSite","@id":"http:\/\/www.sacauditores.cl\/#website","url":"http:\/\/www.sacauditores.cl\/","name":"SAC Auditores","description":"Auditor\u00eda a Condominios","potentialAction":[{"@type":"SearchAction","target":{"@type":"EntryPoint","urlTemplate":"http:\/\/www.sacauditores.cl\/?s={search_term_string}"},"query-input":"required name=search_term_string"}],"inLanguage":"es-CL"}]}},"_links":{"self":[{"href":"http:\/\/www.sacauditores.cl\/index.php\/wp-json\/wp\/v2\/pages\/218","targetHints":{"allow":["GET"]}}],"collection":[{"href":"http:\/\/www.sacauditores.cl\/index.php\/wp-json\/wp\/v2\/pages"}],"about":[{"href":"http:\/\/www.sacauditores.cl\/index.php\/wp-json\/wp\/v2\/types\/page"}],"author":[{"embeddable":true,"href":"http:\/\/www.sacauditores.cl\/index.php\/wp-json\/wp\/v2\/users\/1"}],"replies":[{"embeddable":true,"href":"http:\/\/www.sacauditores.cl\/index.php\/wp-json\/wp\/v2\/comments?post=218"}],"version-history":[{"count":15,"href":"http:\/\/www.sacauditores.cl\/index.php\/wp-json\/wp\/v2\/pages\/218\/revisions"}],"predecessor-version":[{"id":261,"href":"http:\/\/www.sacauditores.cl\/index.php\/wp-json\/wp\/v2\/pages\/218\/revisions\/261"}],"wp:attachment":[{"href":"http:\/\/www.sacauditores.cl\/index.php\/wp-json\/wp\/v2\/media?parent=218"}],"curies":[{"name":"wp","href":"https:\/\/api.w.org\/{rel}","templated":true}]}}